{"id":6231,"date":"2024-09-13T03:09:56","date_gmt":"2024-09-13T06:09:56","guid":{"rendered":"https:\/\/acordeonvirtual.com\/?page_id=6231"},"modified":"2024-10-07T14:42:32","modified_gmt":"2024-10-07T17:42:32","slug":"announcement","status":"publish","type":"page","link":"https:\/\/acordeonvirtual.com\/en\/announcement\/","title":{"rendered":"Announcement"},"content":{"rendered":"<p>[et_pb_section fb_built=\u00bb1&#8243; _builder_version=\u00bb4.27.0&#8243; _module_preset=\u00bbdefault\u00bb background_color=\u00bb#ffffff\u00bb da_disable_devices=\u00bboff|off|off\u00bb global_colors_info=\u00bb{}\u00bb da_is_popup=\u00bboff\u00bb da_exit_intent=\u00bboff\u00bb da_has_close=\u00bbon\u00bb da_alt_close=\u00bboff\u00bb da_dark_close=\u00bboff\u00bb da_not_modal=\u00bbon\u00bb da_is_singular=\u00bboff\u00bb da_with_loader=\u00bboff\u00bb da_has_shadow=\u00bbon\u00bb][et_pb_row _builder_version=\u00bb4.27.0&#8243; _module_preset=\u00bbdefault\u00bb global_colors_info=\u00bb{}\u00bb][et_pb_column type=\u00bb4_4&#8243; _builder_version=\u00bb4.27.0&#8243; _module_preset=\u00bbdefault\u00bb global_colors_info=\u00bb{}\u00bb][et_pb_text _builder_version=\u00bb4.27.2&#8243; _module_preset=\u00bbdefault\u00bb text_font=\u00bbBellota Text||||||||\u00bb text_text_color=\u00bb#000000&#8243; text_font_size=\u00bb17px\u00bb hover_enabled=\u00bb0&#8243; global_colors_info=\u00bb{}\u00bb sticky_enabled=\u00bb0&#8243;]<\/p>\n<p><strong>Dear accordion lovers,<\/strong><\/p>\n<p>For the past 15 years, I've been sharing my passion for the accordion with you through this free simulator. It's been an incredible journey! driven by my love for the instrument and my desire to make it accessible and enjoyable for more people.<\/p>\n<p>But,<span> the truth is that nothing was free, since we had to pay for servers, developers, quality analysts, digital marketing, accountants, lawyers, legal advisors, taxes, professional Instagram, Facebook, Google accounts, development tools, domains, computers, mouse, keyboards, monitors, I have rented recording rooms to get the highest quality sounds from each accordion (because each accordion was recorded separately, note by note), I have rented instruments, microphones, I have paid music producers, I have taken courses to improve my academic reach and the list goes on, not counting the hours invested in this project (which exceed a thousand hours).<\/span><\/p>\n<p><span>As you can imagine, the cost of keeping a website running for 15 years is quite high, and it is impossible nowadays to provide a totally \u201cfree\u201d service, so after thinking a lot about what to do, I came to the decision to charge a membership for those who really appreciate the project, because canceling it is not an option for me, since as I mentioned before, I have been working on this for 15 years and I know that it is a tool that greatly helps the accordion community globally.<\/span><\/p>\n<p>For all the above, from now on, the simulator will have a small monthly subscription of <strong>$4.99 USD<\/strong>, which is<span>\u00a0half the value of a subscription to any movie platform<\/span>. This contribution will allow me to continue dedicating time and resources to improving the experience for you, (for example, you will no longer see advertising on the site!) In addition, you will now be able to access the <a href=\"https:\/\/acordeonvirtual.com\/proximas-funcionalidades\">Upcoming feature list<\/a> where month by month I will be publishing what is to come.<\/p>\n<p>Thank you from the bottom of my heart for all these years of support. The journey continues, and the best is yet to come!<\/p>\n<p>&nbsp;<\/p>\n<p>With love and dedication,<br \/>Leandro La Piana, founder of MusicSoft LLC<\/p>\n<p>14\/9\/2024<\/p>\n<p><img loading=\"lazy\" decoding=\"async\" src=\"https:\/\/acordeonvirtual.com\/wp-content\/uploads\/2020\/11\/261c320ea127404b017c42c3e1d69cd44981.jpeg\" width=\"126\" height=\"126\" alt=\"\" class=\"wp-image-485 alignnone size-full\" srcset=\"https:\/\/acordeonvirtual.com\/wp-content\/uploads\/2020\/11\/261c320ea127404b017c42c3e1d69cd44981.jpeg 250w, https:\/\/acordeonvirtual.com\/wp-content\/uploads\/2020\/11\/261c320ea127404b017c42c3e1d69cd44981-100x100.jpeg 100w, https:\/\/acordeonvirtual.com\/wp-content\/uploads\/2020\/11\/261c320ea127404b017c42c3e1d69cd44981-150x150.jpeg 150w\" sizes=\"(max-width: 126px) 100vw, 126px\" \/><\/p>\n<p>[\/et_pb_text][\/et_pb_column][\/et_pb_row][\/et_pb_section]<\/p>","protected":false},"excerpt":{"rendered":"<p>Queridos amantes del acorde\u00f3n, Hace ya 15 a\u00f1os que comparto con ustedes mi pasi\u00f3n por el acorde\u00f3n a trav\u00e9s de este simulador de forma totalmente gratuita. \u00a1Ha sido un viaje incre\u00edble! impulsado por mi amor hacia este instrumento y por el deseo de hacer que m\u00e1s personas se acerquen a \u00e9l de una manera accesible [&hellip;]<\/p>","protected":false},"author":1,"featured_media":0,"parent":0,"menu_order":0,"comment_status":"closed","ping_status":"closed","template":"","meta":{"_et_pb_use_builder":"on","_et_pb_old_content":"","_et_gb_content_width":"","pmpro_default_level":"","_uf_show_specific_survey":0,"_uf_disable_surveys":false,"footnotes":""},"aioseo_notices":[],"_links":{"self":[{"href":"https:\/\/acordeonvirtual.com\/en\/wp-json\/wp\/v2\/pages\/6231"}],"collection":[{"href":"https:\/\/acordeonvirtual.com\/en\/wp-json\/wp\/v2\/pages"}],"about":[{"href":"https:\/\/acordeonvirtual.com\/en\/wp-json\/wp\/v2\/types\/page"}],"author":[{"embeddable":true,"href":"https:\/\/acordeonvirtual.com\/en\/wp-json\/wp\/v2\/users\/1"}],"replies":[{"embeddable":true,"href":"https:\/\/acordeonvirtual.com\/en\/wp-json\/wp\/v2\/comments?post=6231"}],"version-history":[{"count":17,"href":"https:\/\/acordeonvirtual.com\/en\/wp-json\/wp\/v2\/pages\/6231\/revisions"}],"predecessor-version":[{"id":6599,"href":"https:\/\/acordeonvirtual.com\/en\/wp-json\/wp\/v2\/pages\/6231\/revisions\/6599"}],"wp:attachment":[{"href":"https:\/\/acordeonvirtual.com\/en\/wp-json\/wp\/v2\/media?parent=6231"}],"curies":[{"name":"wp","href":"https:\/\/api.w.org\/{rel}","templated":true}]}}