{"id":6337,"date":"2024-09-14T04:43:34","date_gmt":"2024-09-14T07:43:34","guid":{"rendered":"https:\/\/acordeonvirtual.com\/?page_id=6337"},"modified":"2025-12-02T12:19:15","modified_gmt":"2025-12-02T15:19:15","slug":"proximas-funcionalidades","status":"publish","type":"page","link":"https:\/\/acordeonvirtual.com\/en\/proximas-funcionalidades\/","title":{"rendered":"Upcoming features"},"content":{"rendered":"<p>[et_pb_section fb_built=\u00bb1&#8243; fullwidth=\u00bbon\u00bb _builder_version=\u00bb4.27.0&#8243; _module_preset=\u00bbdefault\u00bb da_disable_devices=\u00bboff|off|off\u00bb global_colors_info=\u00bb{}\u00bb da_is_popup=\u00bboff\u00bb da_exit_intent=\u00bboff\u00bb da_has_close=\u00bbon\u00bb da_alt_close=\u00bboff\u00bb da_dark_close=\u00bboff\u00bb da_not_modal=\u00bbon\u00bb da_is_singular=\u00bboff\u00bb da_with_loader=\u00bboff\u00bb da_has_shadow=\u00bbon\u00bb][et_pb_fullwidth_header title=\u00bbPr\u00f3ximas funcionalidades\u00bb subhead=\u00bbEcha un vistazo a los desarrollos que ser\u00e1n agregados al simulador en los pr\u00f3ximos meses\u00bb _builder_version=\u00bb4.27.0&#8243; _module_preset=\u00bbdefault\u00bb background_image=\u00bbhttps:\/\/acordeonvirtual.com\/wp-content\/uploads\/header-image.jpg\u00bb global_colors_info=\u00bb{}\u00bb][\/et_pb_fullwidth_header][\/et_pb_section][et_pb_section fb_built=\u00bb1&#8243; _builder_version=\u00bb4.27.0&#8243; _module_preset=\u00bbdefault\u00bb custom_padding=\u00bb5px|||||\u00bb da_disable_devices=\u00bboff|off|off\u00bb global_colors_info=\u00bb{}\u00bb da_is_popup=\u00bboff\u00bb da_exit_intent=\u00bboff\u00bb da_has_close=\u00bbon\u00bb da_alt_close=\u00bboff\u00bb da_dark_close=\u00bboff\u00bb da_not_modal=\u00bbon\u00bb da_is_singular=\u00bboff\u00bb da_with_loader=\u00bboff\u00bb da_has_shadow=\u00bbon\u00bb][et_pb_row _builder_version=\u00bb4.27.0&#8243; _module_preset=\u00bbdefault\u00bb global_colors_info=\u00bb{}\u00bb][et_pb_column type=\u00bb4_4&#8243; _builder_version=\u00bb4.27.0&#8243; _module_preset=\u00bbdefault\u00bb global_colors_info=\u00bb{}\u00bb][et_pb_text _builder_version=\u00bb4.27.4&#8243; _module_preset=\u00bbdefault\u00bb text_font=\u00bbBellota Text||||||||\u00bb text_text_color=\u00bb#000000&#8243; hover_enabled=\u00bb0&#8243; global_colors_info=\u00bb{}\u00bb sticky_enabled=\u00bb0&#8243;]<\/p>\n<ol>\n<li>Recording songs<\/li>\n<li>More tutorials<\/li>\n<li>Agregar mas instrumentos: Harm\u00f3nica, Concertina, Teclado Synth (Arg.), Gaita Ponto (Br.), Sanfona (Br.)<\/li>\n<li>VST plugin with simulator sounds<\/li>\n<li>Zoom option for mobile devices<\/li>\n<li>More digital resources: digital sheet music<\/li>\n<\/ol>\n<ol><\/ol>\n<p>&nbsp;<\/p>\n<p>[\/et_pb_text][et_pb_button button_url=\u00bbhttps:\/\/forms.gle\/VthfqQajTVpQJfds8&#8243; button_text=\u00bbQuiero proponer otra funcionalidad\u00bb button_alignment=\u00bbcenter\u00bb _builder_version=\u00bb4.27.0&#8243; _module_preset=\u00bbdefault\u00bb custom_button=\u00bbon\u00bb button_text_color=\u00bb#FFFFFF\u00bb button_bg_color=\u00bb#0f93ff\u00bb button_border_radius=\u00bb10px\u00bb global_colors_info=\u00bb{}\u00bb][\/et_pb_button][\/et_pb_column][\/et_pb_row][\/et_pb_section]<\/p>","protected":false},"excerpt":{"rendered":"<p>Grabaci\u00f3n de canciones M\u00e1s tutoriales Agregar mas instrumentos: Harm\u00f3nica, Concertina, Teclado Synth (Arg.), Gaita Ponto (Br.), Sanfona (Br.) Plugin VST con los sonidos del simulador Opci\u00f3n de zoom para dispositivos t\u00e1ctiles M\u00e1s recursos digitales: partituras digitales &nbsp;<\/p>","protected":false},"author":1,"featured_media":0,"parent":0,"menu_order":0,"comment_status":"closed","ping_status":"closed","template":"","meta":{"_et_pb_use_builder":"on","_et_pb_old_content":"","_et_gb_content_width":"","pmpro_default_level":"","_uf_show_specific_survey":0,"_uf_disable_surveys":false,"footnotes":""},"aioseo_notices":[],"_links":{"self":[{"href":"https:\/\/acordeonvirtual.com\/en\/wp-json\/wp\/v2\/pages\/6337"}],"collection":[{"href":"https:\/\/acordeonvirtual.com\/en\/wp-json\/wp\/v2\/pages"}],"about":[{"href":"https:\/\/acordeonvirtual.com\/en\/wp-json\/wp\/v2\/types\/page"}],"author":[{"embeddable":true,"href":"https:\/\/acordeonvirtual.com\/en\/wp-json\/wp\/v2\/users\/1"}],"replies":[{"embeddable":true,"href":"https:\/\/acordeonvirtual.com\/en\/wp-json\/wp\/v2\/comments?post=6337"}],"version-history":[{"count":16,"href":"https:\/\/acordeonvirtual.com\/en\/wp-json\/wp\/v2\/pages\/6337\/revisions"}],"predecessor-version":[{"id":7598,"href":"https:\/\/acordeonvirtual.com\/en\/wp-json\/wp\/v2\/pages\/6337\/revisions\/7598"}],"wp:attachment":[{"href":"https:\/\/acordeonvirtual.com\/en\/wp-json\/wp\/v2\/media?parent=6337"}],"curies":[{"name":"wp","href":"https:\/\/api.w.org\/{rel}","templated":true}]}}