{"id":6482,"date":"2024-09-21T14:23:05","date_gmt":"2024-09-21T17:23:05","guid":{"rendered":"https:\/\/acordeonvirtual.com\/?page_id=6482"},"modified":"2024-12-10T12:13:23","modified_gmt":"2024-12-10T15:13:23","slug":"condiciones-del-servicio","status":"publish","type":"page","link":"https:\/\/acordeonvirtual.com\/en\/condiciones-del-servicio\/","title":{"rendered":"Condiciones del servicio"},"content":{"rendered":"<p>[et_pb_section fb_built=\u00bb1&#8243; _builder_version=\u00bb4.27.0&#8243; _module_preset=\u00bbdefault\u00bb da_disable_devices=\u00bboff|off|off\u00bb global_colors_info=\u00bb{}\u00bb da_is_popup=\u00bboff\u00bb da_exit_intent=\u00bboff\u00bb da_has_close=\u00bbon\u00bb da_alt_close=\u00bboff\u00bb da_dark_close=\u00bboff\u00bb da_not_modal=\u00bbon\u00bb da_is_singular=\u00bboff\u00bb da_with_loader=\u00bboff\u00bb da_has_shadow=\u00bbon\u00bb][et_pb_row _builder_version=\u00bb4.27.0&#8243; _module_preset=\u00bbdefault\u00bb global_colors_info=\u00bb{}\u00bb][et_pb_column type=\u00bb4_4&#8243; _builder_version=\u00bb4.27.0&#8243; _module_preset=\u00bbdefault\u00bb global_colors_info=\u00bb{}\u00bb][et_pb_text _builder_version=\u00bb4.27.2&#8243; _module_preset=\u00bbdefault\u00bb text_font=\u00bbBellota Text||||||||\u00bb text_text_color=\u00bb#000000&#8243; text_font_size=\u00bb27px\u00bb global_colors_info=\u00bb{}\u00bb]<\/p>\n<p><strong>Terms of Service for Monthly Subscription to Accordion Simulators provided by MusicSoft LLC<\/strong><\/p>\n<p>[\/et_pb_text][et_pb_text _builder_version=\u00bb4.27.4&#8243; _module_preset=\u00bbdefault\u00bb text_font=\u00bbBellota Text||||||||\u00bb hover_enabled=\u00bb0&#8243; global_colors_info=\u00bb{}\u00bb sticky_enabled=\u00bb0&#8243;]<\/p>\n<h3>1. Acceptance of Terms<\/h3>\n<p>By subscribing to our accordion simulators, you agree to abide by these terms of service. If you do not agree, we recommend that you do not use the service.<\/p>\n<h3>2. Description of the Service<\/h3>\n<p>Our service offers access to online accordion simulators, allowing users to practice and learn to play the accordion interactively. The video tutorials are YouTube videos rated by an expert, we do not charge for you to watch these videos here (because you can search and watch them on YouTube for free), what we charge is the rating as to the accordion, language, genre, author, key, etc.<\/p>\n<h3>3. Billing<\/h3>\n<ul>\n<li><strong>Automatic billing:<\/strong> When you purchase a membership, your subscription will be automatically activated and the monthly or annual cost corresponding to the chosen modality will begin to be charged immediately, at the time of subscription.<\/li>\n<li><strong>Payment Methods:<\/strong> We accept all major credit cards and payment methods. When registering, you will be required to provide valid payment information. If your payment method is not valid at the time of renewal, your membership will expire immediately.<\/li>\n<li><strong>1 week discount code:<\/strong> If you have used a 1 week discount code (ONEWEEK), after 7 days the free trial will end and no charge will be applied.<\/li>\n<li><strong>50% annual discount code (promotion valid until 12\/31\/2024):<\/strong> If you have used a 50% Christmas discount code (XMAS2024), you will pay $29 USD and your membership will expire in 12 months and no charge will be applied.<\/li>\n<\/ul>\n<h3>4. Cancellation of Subscription<\/h3>\n<p>You can cancel your membership at any time and it will expire immediately.<\/p>\n<h3>5. Acceptable Use<\/h3>\n<p>You agree to use the Service in a legal and responsible manner and not to use it for any illegal or unauthorized activities.<\/p>\n<h3>6. Limitation of Liability<\/h3>\n<p>We will not be liable for any direct, indirect, incidental or consequential damages that may arise from the use or inability to use the service.<\/p>\n<h3>7. Changes in Conditions<\/h3>\n<p>We reserve the right to update these terms at any time. We will notify you of any material changes and your continued use of the Service following such notice will constitute your acceptance of the new terms.<\/p>\n<h3>8. Contact<\/h3>\n<p>If you have any questions about these terms of service, please contact us via email at info@acordeonvirtual.com<\/p>\n<p>By purchasing membership, you confirm that you have read, understood and accepted these terms of service.<\/p>\n<p>[\/et_pb_text][\/et_pb_column][\/et_pb_row][\/et_pb_section]<\/p>","protected":false},"excerpt":{"rendered":"<p>Condiciones del Servicio para Suscripci\u00f3n Mensual de Simuladores de Acorde\u00f3n proporcionado por MusicSoft LLC1. Aceptaci\u00f3n de los T\u00e9rminos Al suscribirte a nuestros simuladores de acorde\u00f3n, aceptas cumplir con estas condiciones de servicio. Si no est\u00e1s de acuerdo, te recomendamos no utilizar el servicio. 2. Descripci\u00f3n del Servicio Nuestro servicio ofrece acceso a simuladores de acorde\u00f3n [&hellip;]<\/p>","protected":false},"author":1,"featured_media":0,"parent":0,"menu_order":0,"comment_status":"closed","ping_status":"closed","template":"","meta":{"_et_pb_use_builder":"on","_et_pb_old_content":"","_et_gb_content_width":"","pmpro_default_level":"","_uf_show_specific_survey":0,"_uf_disable_surveys":false,"footnotes":""},"aioseo_notices":[],"_links":{"self":[{"href":"https:\/\/acordeonvirtual.com\/en\/wp-json\/wp\/v2\/pages\/6482"}],"collection":[{"href":"https:\/\/acordeonvirtual.com\/en\/wp-json\/wp\/v2\/pages"}],"about":[{"href":"https:\/\/acordeonvirtual.com\/en\/wp-json\/wp\/v2\/types\/page"}],"author":[{"embeddable":true,"href":"https:\/\/acordeonvirtual.com\/en\/wp-json\/wp\/v2\/users\/1"}],"replies":[{"embeddable":true,"href":"https:\/\/acordeonvirtual.com\/en\/wp-json\/wp\/v2\/comments?post=6482"}],"version-history":[{"count":11,"href":"https:\/\/acordeonvirtual.com\/en\/wp-json\/wp\/v2\/pages\/6482\/revisions"}],"predecessor-version":[{"id":6864,"href":"https:\/\/acordeonvirtual.com\/en\/wp-json\/wp\/v2\/pages\/6482\/revisions\/6864"}],"wp:attachment":[{"href":"https:\/\/acordeonvirtual.com\/en\/wp-json\/wp\/v2\/media?parent=6482"}],"curies":[{"name":"wp","href":"https:\/\/api.w.org\/{rel}","templated":true}]}}