{"id":7379,"date":"2025-10-24T18:06:33","date_gmt":"2025-10-24T21:06:33","guid":{"rendered":"https:\/\/acordeonvirtual.com\/?page_id=7379"},"modified":"2026-03-23T13:28:23","modified_gmt":"2026-03-23T16:28:23","slug":"simulador-personalizado","status":"publish","type":"page","link":"https:\/\/acordeonvirtual.com\/en\/simulador-personalizado\/","title":{"rendered":"Custom simulator"},"content":{"rendered":"<p>[et_pb_section fb_built=\u00bb1&#8243; fullwidth=\u00bbon\u00bb _builder_version=\u00bb4.21.0&#8243; _module_preset=\u00bbdefault\u00bb da_disable_devices=\u00bboff|off|off\u00bb global_colors_info=\u00bb{}\u00bb da_is_popup=\u00bboff\u00bb da_exit_intent=\u00bboff\u00bb da_has_close=\u00bbon\u00bb da_alt_close=\u00bboff\u00bb da_dark_close=\u00bboff\u00bb da_not_modal=\u00bbon\u00bb da_is_singular=\u00bboff\u00bb da_with_loader=\u00bboff\u00bb da_has_shadow=\u00bbon\u00bb][et_pb_fullwidth_header title=\u00bbSimulador personalizado\u00bb subhead=\u00bbTen\u00e9 tu propio acorde\u00f3n dentro de nuestra plataforma\u00bb _builder_version=\u00bb4.27.6&#8243; _module_preset=\u00bbdefault\u00bb background_image=\u00bbhttps:\/\/acordeonvirtual.com\/wp-content\/uploads\/header-image.jpg\u00bb hover_enabled=\u00bb0&#8243; global_colors_info=\u00bb{}\u00bb sticky_enabled=\u00bb0&#8243;][\/et_pb_fullwidth_header][\/et_pb_section][et_pb_section fb_built=\u00bb1&#8243; _builder_version=\u00bb4.21.0&#8243; _module_preset=\u00bbdefault\u00bb custom_padding=\u00bb5px|||||\u00bb da_disable_devices=\u00bboff|off|off\u00bb global_colors_info=\u00bb{}\u00bb da_is_popup=\u00bboff\u00bb da_exit_intent=\u00bboff\u00bb da_has_close=\u00bbon\u00bb da_alt_close=\u00bboff\u00bb da_dark_close=\u00bboff\u00bb da_not_modal=\u00bbon\u00bb da_is_singular=\u00bboff\u00bb da_with_loader=\u00bboff\u00bb da_has_shadow=\u00bbon\u00bb][et_pb_row _builder_version=\u00bb4.27.0&#8243; _module_preset=\u00bbdefault\u00bb custom_padding=\u00bb35px||30px|||\u00bb global_colors_info=\u00bb{}\u00bb][et_pb_column type=\u00bb4_4&#8243; _builder_version=\u00bb4.27.0&#8243; _module_preset=\u00bbdefault\u00bb global_colors_info=\u00bb{}\u00bb][et_pb_text _builder_version=\u00bb4.27.6&#8243; _module_preset=\u00bbdefault\u00bb text_font=\u00bbBellota Text||||||||\u00bb text_font_size=\u00bb25px\u00bb hover_enabled=\u00bb0&#8243; global_colors_info=\u00bb{}\u00bb sticky_enabled=\u00bb0&#8243;]<\/p>\n<h1 style=\"text-align: center;\">Turn your accordion into a virtual accordion!<\/h1>\n<p>[\/et_pb_text][et_pb_image src=\u00bbhttps:\/\/acordeonvirtual.com\/wp-content\/uploads\/simulador-personalizado-emilopez.jpg\u00bb title_text=\u00bbsimulador-personalizado-emilopez\u00bb align=\u00bbcenter\u00bb _builder_version=\u00bb4.27.6&#8243; _module_preset=\u00bbdefault\u00bb max_width=\u00bb80%\u00bb hover_enabled=\u00bb0&#8243; global_colors_info=\u00bb{}\u00bb sticky_enabled=\u00bb0&#8243;][\/et_pb_image][\/et_pb_column][\/et_pb_row][et_pb_row _builder_version=\u00bb4.21.0&#8243; _module_preset=\u00bbdefault\u00bb custom_padding=\u00bb27px||5px|||\u00bb global_colors_info=\u00bb{}\u00bb][et_pb_column type=\u00bb4_4&#8243; _builder_version=\u00bb4.21.0&#8243; _module_preset=\u00bbdefault\u00bb global_colors_info=\u00bb{}\u00bb][et_pb_text _builder_version=\u00bb4.27.6&#8243; _module_preset=\u00bbdefault\u00bb text_font=\u00bb&#8211;et_global_body_font||||||||\u00bb hover_enabled=\u00bb0&#8243; global_colors_info=\u00bb{}\u00bb sticky_enabled=\u00bb0&#8243;]<\/p>\n<h3><span style=\"color: #000000;\"><strong>What is this about?:<\/strong><\/span><span style=\"color: #000000;\"><strong><\/strong><\/span><\/h3>\n<ul>\n<li><strong><span style=\"color: #339966;\">Customized accordion: <\/span><\/strong><span style=\"color: #000000;\">We can match the colors and design of your accordion, and we can even use a photo of your accordion directly.<\/span><\/li>\n<li><strong><span style=\"color: #339966;\">Customized sounds: <\/span><\/strong><span style=\"color: #000000;\">\u00a0We use a fully customized sound base for you; you can even provide your own sounds.<\/span><\/li>\n<li><strong><span style=\"color: #339966;\">Extra info: <\/span><\/strong><span style=\"color: #000000;\">Along with the simulator, we can include information about your brand such as photos, videos, contact details, etc., all in the same place!<\/span><\/li>\n<\/ul>\n<h3><span style=\"color: #000000;\"><strong>This plan is perfect for:<\/strong><\/span><\/h3>\n<ul>\n<li><span style=\"color: #000000;\"><strong>Acordeonistas profesionales:\u00a0<\/strong>tener tu acorde\u00f3n de forma virtual te permite usarlo donde quieras y cuando quieras<\/span><\/li>\n<li><span style=\"color: #000000;\"><strong>Musical bands:<\/strong> Become popular by having your own simulator on this website<\/span><\/li>\n<li><span style=\"color: #000000;\"><strong>Accordion teachers:\u00a0<\/strong>If you teach classes, courses, or simply make tutorials on YouTube, you need to have your own simulator!<\/span><\/li>\n<\/ul>\n<h3><span style=\"color: #000000;\"><strong>Advantages of having a virtual accordion:<\/strong><\/span><\/h3>\n<ul>\n<li><span style=\"color: #000000;\"><strong>Less noise: <\/strong>You can practice with headphones until late at night, without disturbing your family and neighbors.<\/span><\/li>\n<li><span style=\"color: #000000;\"><strong>Lighter weight: <\/strong>An accordion weighs between 10 and 15 kilos, the simulator is used without lifting weight (0kg)<\/span><\/li>\n<li><span style=\"color: #000000;\"><strong>Lower effort: <\/strong>Abrir y cerrar un acorde\u00f3n puede generar cansancio en nuestros m\u00fasculos y articulaciones<\/span><\/li>\n<li><span style=\"color: #000000;\"><strong>Less time spent: <\/strong>Agarrar el acorde\u00f3n da pereza y procrastinamos, entrar al simulador nos toma 3 segundos<\/span><\/li>\n<li><span style=\"color: #000000;\"><strong>Lower space: <\/strong>El acorde\u00f3n ocupa espacio, el simulador en cambio est\u00e1 en la nube<\/span><\/li>\n<li><span style=\"color: #000000;\"><strong>Protect our accordion: <\/strong>By not using it we increase its useful life and save on maintenance<\/span><\/li>\n<li><span style=\"color: #000000;\"><strong>Greater durability: <\/strong>We can use it for years and we will never have to take it to the luthier<\/span><\/li>\n<li><span style=\"color: #000000;\"><strong>Greater portability: <\/strong>We can use the simulator even on a plane<\/span><\/li>\n<li><span style=\"color: #000000;\"><strong>Clases m\u00e1s pr\u00e1cticas: <\/strong>You don't need an expensive camera or lighting, with the simulator you share the screen and that's it!<\/span><\/li>\n<\/ul>\n<p>[\/et_pb_text][\/et_pb_column][\/et_pb_row][et_pb_row column_structure=\u00bb2_5,3_5&#8243; _builder_version=\u00bb4.27.0&#8243; _module_preset=\u00bbdefault\u00bb custom_padding=\u00bb8px|||||\u00bb global_colors_info=\u00bb{}\u00bb][et_pb_column type=\u00bb2_5&#8243; _builder_version=\u00bb4.27.0&#8243; _module_preset=\u00bbdefault\u00bb global_colors_info=\u00bb{}\u00bb][et_pb_text _builder_version=\u00bb4.27.6&#8243; _module_preset=\u00bbdefault\u00bb text_font_size=\u00bb35px\u00bb hover_enabled=\u00bb0&#8243; global_colors_info=\u00bb{}\u00bb sticky_enabled=\u00bb0&#8243;]<\/p>\n<p style=\"text-align: center;\">price:<\/p>\n<p style=\"text-align: center;\"><label style=\"font-size: 50px; color: black;\">$9<\/label><label style=\"font-size: 21px; color: black; bottom: 20px; position: relative;\">99<br \/><\/label><label style=\"font-size: 25px; color: grey;\">USD\/single payment<\/label><\/p>\n<p>[\/et_pb_text][\/et_pb_column][et_pb_column type=\u00bb3_5&#8243; _builder_version=\u00bb4.27.0&#8243; _module_preset=\u00bbdefault\u00bb global_colors_info=\u00bb{}\u00bb][et_pb_text _builder_version=\u00bb4.27.6&#8243; _module_preset=\u00bbdefault\u00bb hover_enabled=\u00bb0&#8243; sticky_enabled=\u00bb0&#8243;]<\/p>\n<h3>This value includes:<\/h3>\n<ul>\n<li>Your accordion made simulator<\/li>\n<li>Lifetime access to the platform<\/li>\n<li>A section dedicated to you on this page (next to the simulator)<\/li>\n<\/ul>\n<p>[\/et_pb_text][\/et_pb_column][\/et_pb_row][et_pb_row _builder_version=\u00bb4.21.0&#8243; _module_preset=\u00bbdefault\u00bb custom_padding=\u00bb7px|||||\u00bb global_colors_info=\u00bb{}\u00bb][et_pb_column type=\u00bb4_4&#8243; _builder_version=\u00bb4.21.0&#8243; _module_preset=\u00bbdefault\u00bb global_colors_info=\u00bb{}\u00bb][et_pb_text _builder_version=\u00bb4.27.6&#8243; _module_preset=\u00bbdefault\u00bb text_font=\u00bbBellota Text||||||||\u00bb text_font_size=\u00bb26px\u00bb hover_enabled=\u00bb0&#8243; global_colors_info=\u00bb{}\u00bb sticky_enabled=\u00bb0&#8243;]<\/p>\n<p style=\"text-align: center; line-height: 30px;\">Leave me your details and I'll contact you immediately<\/p>\n<p>[\/et_pb_text][et_pb_code _builder_version=\u00bb4.27.6&#8243; _module_preset=\u00bbdefault\u00bb hover_enabled=\u00bb0&#8243; global_colors_info=\u00bb{}\u00bb sticky_enabled=\u00bb0&#8243;]<div class=\"frm_forms  with_frm_style frm_style_estilos-formidable\" id=\"frm_form_1_container\" >\n<form enctype=\"multipart\/form-data\" method=\"post\" class=\"frm-show-form\" id=\"form_contact-form\" >\n<div class=\"frm_form_fields\">\n<fieldset>\n<legend class=\"frm_screen_reader\">Contact Us<\/legend>\r\n\r\n<div class=\"frm_fields_container\">\n<input type=\"hidden\" name=\"frm_action\" value=\"create\" \/>\n<input type=\"hidden\" name=\"form_id\" value=\"1\" \/>\n<input type=\"hidden\" name=\"frm_hide_fields_1\" id=\"frm_hide_fields_1\" value=\"\" \/>\n<input type=\"hidden\" name=\"form_key\" value=\"contact-form\" \/>\n<input type=\"hidden\" name=\"item_meta[0]\" value=\"\" \/>\n<input type=\"hidden\" id=\"frm_submit_entry_1\" name=\"frm_submit_entry_1\" value=\"f59065918a\" \/><input type=\"hidden\" name=\"_wp_http_referer\" value=\"\/en\/wp-json\/wp\/v2\/pages\/7379\" \/><div id=\"frm_field_1_container\" class=\"frm_form_field form-field  frm_required_field frm_top_container frm12 frm_first\">\r\n    <label for=\"field_qh4icy\" id=\"field_qh4icy_label\" class=\"frm_primary_label\">Full name\r\n        <span class=\"frm_required\" aria-hidden=\"true\">*<\/span>\r\n    <\/label>\r\n    <input type=\"text\" id=\"field_qh4icy\" name=\"item_meta[1]\" value=\"\"  data-reqmsg=\"Nombre y Apellido no puede estar en blanco.\" aria-required=\"true\" data-invmsg=\"Nombre y Apellido no es v\u00e1lido\" aria-invalid=\"false\"  \/>\r\n    \r\n    \r\n<\/div>\n<div id=\"frm_field_3_container\" class=\"frm_form_field form-field  frm_required_field frm_top_container frm_full\">\r\n    <label for=\"field_29yf4d\" id=\"field_29yf4d_label\" class=\"frm_primary_label\">Email\r\n        <span class=\"frm_required\" aria-hidden=\"true\">*<\/span>\r\n    <\/label>\r\n    <input type=\"email\" id=\"field_29yf4d\" name=\"item_meta[3]\" value=\"\"  data-reqmsg=\"Email no puede estar en blanco.\" aria-required=\"true\" data-invmsg=\"Please enter a valid email address\" aria-invalid=\"false\"  \/>\r\n    \r\n    \r\n<\/div>\n<div id=\"frm_field_34_container\" class=\"frm_form_field form-field  frm_top_container\">\r\n\t<label for=\"field_hpjgd\" id=\"field_hpjgd_label\" class=\"frm_primary_label\">Phone\r\n\t\t<span class=\"frm_required\" aria-hidden=\"true\"><\/span>\r\n\t<\/label>\r\n\t<input type=\"tel\" id=\"field_hpjgd\" name=\"item_meta[34]\" value=\"\"  data-invmsg=\"Tel\u00e9fono no es v\u00e1lido\" aria-invalid=\"false\" pattern=\"intern[a-zA-Z]tion[a-zA-Z]l$\"  \/>\r\n\t\r\n\t\r\n<\/div>\n<div id=\"frm_field_4_container\" class=\"frm_form_field form-field  frm_required_field frm_top_container frm_full\">\r\n    <label for=\"field_e6lis6\" id=\"field_e6lis6_label\" class=\"frm_primary_label\">Subject\r\n        <span class=\"frm_required\" aria-hidden=\"true\">*<\/span>\r\n    <\/label>\r\n    <input type=\"text\" id=\"field_e6lis6\" name=\"item_meta[4]\" value=\"\"  data-reqmsg=\"Asunto no puede estar en blanco.\" aria-required=\"true\" data-invmsg=\"Asunto no es v\u00e1lido\" aria-invalid=\"false\"  \/>\r\n    \r\n    \r\n<\/div>\n<div id=\"frm_field_5_container\" class=\"frm_form_field form-field  frm_required_field frm_top_container frm_full\">\r\n    <label for=\"field_9jv0r1\" id=\"field_9jv0r1_label\" class=\"frm_primary_label\">Message\r\n        <span class=\"frm_required\" aria-hidden=\"true\">*<\/span>\r\n    <\/label>\r\n    <textarea name=\"item_meta[5]\" id=\"field_9jv0r1\" rows=\"5\"  data-reqmsg=\"Mensaje no puede estar en blanco.\" aria-required=\"true\" data-invmsg=\"Mensaje is invalid\" aria-invalid=\"false\"  ><\/textarea>\r\n    \r\n    \r\n<\/div>\n<div id=\"frm_field_33_container\" class=\"frm_form_field form-field\">\r\n\t<div class=\"frm_submit\">\r\n\r\n<button class=\"frm_button_submit\" type=\"submit\"  >Send<\/button>\r\n\r\n\r\n<\/div>\r\n<\/div>\n\t<input type=\"hidden\" name=\"item_key\" value=\"\" \/>\n\t\t\t\t<div class=\"frm__653c762b29c35\">\n\t\t\t\t<label for=\"frm_email_1\" >\n\t\t\t\t\tIf you are human, leave this field blank.\t\t\t\t<\/label>\n\t\t\t\t<input  id=\"frm_email_1\" type=\"text\" class=\"frm_verify\" name=\"frm__653c762b29c35\" value=\"\" autocomplete=\"off\"  \/>\n\t\t\t<\/div>\n\t\t<\/div>\n<\/fieldset>\n<\/div>\n<input type=\"hidden\" name=\"trp-form-language\" value=\"en\"\/><\/form>\n<\/div>\n[\/et_pb_code][\/et_pb_column][\/et_pb_row][\/et_pb_section]<\/p>","protected":false},"excerpt":{"rendered":"<p>\u00a1Convierte tu acorde\u00f3n en un acorde\u00f3n virtual!\u00bfDe qu\u00e9 se trata esto?: Personalizaci\u00f3n del acorde\u00f3n: Igualamos los colores y dise\u00f1o de tu acorde\u00f3n, incluso podemos utilizar directamente una foto de tu acorde\u00f3n. Personalizaci\u00f3n de sonidos: \u00a0Utilizamos una base de sonidos totalmente personalizada para ti, incluso puedes proveer tu propios sonidos. Info extra: Junto al simulador podemos [&hellip;]<\/p>","protected":false},"author":1,"featured_media":0,"parent":0,"menu_order":0,"comment_status":"closed","ping_status":"closed","template":"","meta":{"_et_pb_use_builder":"on","_et_pb_old_content":"","_et_gb_content_width":"","pmpro_default_level":"","_uf_show_specific_survey":0,"_uf_disable_surveys":false,"footnotes":""},"aioseo_notices":[],"_links":{"self":[{"href":"https:\/\/acordeonvirtual.com\/en\/wp-json\/wp\/v2\/pages\/7379"}],"collection":[{"href":"https:\/\/acordeonvirtual.com\/en\/wp-json\/wp\/v2\/pages"}],"about":[{"href":"https:\/\/acordeonvirtual.com\/en\/wp-json\/wp\/v2\/types\/page"}],"author":[{"embeddable":true,"href":"https:\/\/acordeonvirtual.com\/en\/wp-json\/wp\/v2\/users\/1"}],"replies":[{"embeddable":true,"href":"https:\/\/acordeonvirtual.com\/en\/wp-json\/wp\/v2\/comments?post=7379"}],"version-history":[{"count":10,"href":"https:\/\/acordeonvirtual.com\/en\/wp-json\/wp\/v2\/pages\/7379\/revisions"}],"predecessor-version":[{"id":7733,"href":"https:\/\/acordeonvirtual.com\/en\/wp-json\/wp\/v2\/pages\/7379\/revisions\/7733"}],"wp:attachment":[{"href":"https:\/\/acordeonvirtual.com\/en\/wp-json\/wp\/v2\/media?parent=7379"}],"curies":[{"name":"wp","href":"https:\/\/api.w.org\/{rel}","templated":true}]}}